{"id":283,"date":"2026-03-04T17:49:57","date_gmt":"2026-03-04T17:49:57","guid":{"rendered":"https:\/\/chefverge.com.br\/novosite\/?page_id=283"},"modified":"2026-04-28T16:08:53","modified_gmt":"2026-04-28T16:08:53","slug":"sobre-o-chef","status":"publish","type":"page","link":"https:\/\/chefverge.com.br\/novosite\/sobre-o-chef\/","title":{"rendered":"Sobre o Chef"},"content":{"rendered":"\t\t<div data-elementor-type=\"wp-page\" data-elementor-id=\"283\" class=\"elementor elementor-283\" data-elementor-post-type=\"page\">\n\t\t\t\t<div class=\"elementor-element elementor-element-968469a e-flex e-con-boxed e-con e-parent\" data-id=\"968469a\" data-element_type=\"container\" data-settings=\"{&quot;background_background&quot;:&quot;classic&quot;}\">\n\t\t\t\t\t<div class=\"e-con-inner\">\n\t\t<div class=\"elementor-element elementor-element-8f9e56a e-con-full e-flex e-con e-child\" data-id=\"8f9e56a\" data-element_type=\"container\">\n\t\t<div class=\"elementor-element elementor-element-0c70e1c e-con-full e-flex e-con e-child\" data-id=\"0c70e1c\" data-element_type=\"container\">\n\t\t\t\t<\/div>\n\t\t\t\t<\/div>\n\t\t<div class=\"elementor-element elementor-element-5a9f143 e-con-full e-flex e-con e-child\" data-id=\"5a9f143\" data-element_type=\"container\">\n\t\t<div class=\"elementor-element elementor-element-fba8851 e-con-full e-flex e-con e-child\" data-id=\"fba8851\" data-element_type=\"container\">\n\t\t\t\t<div class=\"elementor-element elementor-element-c88af33 elementor-widget__width-inherit elementor-widget elementor-widget-text-editor\" data-id=\"c88af33\" data-element_type=\"widget\" data-widget_type=\"text-editor.default\">\n\t\t\t\t\t\t\t\t\t<p>Desde 1985 no cora\u00e7\u00e3o dos curitibanos<\/p>\t\t\t\t\t\t\t\t<\/div>\n\t\t\t\t<div class=\"elementor-element elementor-element-de24518 elementor-widget__width-inherit elementor-widget elementor-widget-heading\" data-id=\"de24518\" data-element_type=\"widget\" data-widget_type=\"heading.default\">\n\t\t\t\t\t<h2 class=\"elementor-heading-title elementor-size-default\"><span style=\"color: #1D3A7D\">O Chef Verg\u00e9 original<\/span> est\u00e1 de volta!<\/h2>\t\t\t\t<\/div>\n\t\t\t\t<\/div>\n\t\t\t\t<\/div>\n\t\t<a class=\"elementor-element elementor-element-e3f0f09 e-con-full e-flex e-con e-child\" data-id=\"e3f0f09\" data-element_type=\"container\" data-settings=\"{&quot;position&quot;:&quot;fixed&quot;}\" href=\"https:\/\/chefverge.com.br\/novosite#form\">\n\t\t<div class=\"elementor-element elementor-element-eb746b1 e-con-full e-flex e-con e-child\" data-id=\"eb746b1\" data-element_type=\"container\" data-settings=\"{&quot;background_background&quot;:&quot;classic&quot;}\">\n\t\t\t\t<div class=\"elementor-element elementor-element-507d179 img-vermelha elementor-widget elementor-widget-image\" data-id=\"507d179\" data-element_type=\"widget\" data-widget_type=\"image.default\">\n\t\t\t\t\t\t\t\t\t\t\t\t\t\t\t<img decoding=\"async\" width=\"1\" height=\"1\" src=\"https:\/\/chefverge.com.br\/novosite\/wp-content\/uploads\/2026\/03\/logo.svg\" class=\"attachment-large size-large wp-image-323\" alt=\"\" \/>\t\t\t\t\t\t\t\t\t\t\t\t\t\t\t<\/div>\n\t\t<div class=\"elementor-element elementor-element-1edd029 e-con-full e-flex e-con e-child\" data-id=\"1edd029\" data-element_type=\"container\">\n\t\t\t\t<div class=\"elementor-element elementor-element-ea13a44 elementor-widget elementor-widget-heading\" data-id=\"ea13a44\" data-element_type=\"widget\" data-widget_type=\"heading.default\">\n\t\t\t\t\t<h2 class=\"elementor-heading-title elementor-size-default\">Seja um Franqueado!<\/h2>\t\t\t\t<\/div>\n\t\t\t\t<div class=\"elementor-element elementor-element-935dc06 elementor-widget elementor-widget-heading\" data-id=\"935dc06\" data-element_type=\"widget\" data-widget_type=\"heading.default\">\n\t\t\t\t\t<h2 class=\"elementor-heading-title elementor-size-default\">veja os detalhes<\/h2>\t\t\t\t<\/div>\n\t\t\t\t<\/div>\n\t\t\t\t<\/div>\n\t\t\t\t<\/a>\n\t\t\t\t\t<\/div>\n\t\t\t\t<\/div>\n\t\t<div class=\"elementor-element elementor-element-0dd5b52 e-flex e-con-boxed e-con e-parent\" data-id=\"0dd5b52\" data-element_type=\"container\" data-settings=\"{&quot;background_background&quot;:&quot;classic&quot;}\">\n\t\t\t\t\t<div class=\"e-con-inner\">\n\t\t<div class=\"elementor-element elementor-element-83e5449 e-con-full e-flex e-con e-child\" data-id=\"83e5449\" data-element_type=\"container\">\n\t\t<div class=\"elementor-element elementor-element-e60a3b2 e-con-full e-flex e-con e-child\" data-id=\"e60a3b2\" data-element_type=\"container\">\n\t\t\t\t<\/div>\n\t\t\t\t<\/div>\n\t\t<div class=\"elementor-element elementor-element-cd5d91c e-con-full e-flex e-con e-child\" data-id=\"cd5d91c\" data-element_type=\"container\">\n\t\t<div class=\"elementor-element elementor-element-4ad9b73 e-con-full e-flex e-con e-child\" data-id=\"4ad9b73\" data-element_type=\"container\">\n\t\t\t\t<div class=\"elementor-element elementor-element-5142de2 elementor-widget elementor-widget-heading\" data-id=\"5142de2\" data-element_type=\"widget\" data-widget_type=\"heading.default\">\n\t\t\t\t\t<h2 class=\"elementor-heading-title elementor-size-default\">Andrezza <br> Fusaro <span class=\"tag-titulo\">NOVA GEST\u00c3O<\/span><\/h2>\t\t\t\t<\/div>\n\t\t\t\t<div class=\"elementor-element elementor-element-1398323 elementor-widget__width-inherit elementor-widget elementor-widget-text-editor\" data-id=\"1398323\" data-element_type=\"widget\" data-widget_type=\"text-editor.default\">\n\t\t\t\t\t\t\t\t\t<p>Hoje, sob a lideran\u00e7a vision\u00e1ria de Andrezza Fusaro, uma empreendedora apaixonada pela arte culin\u00e1ria e pelo potencial transformador do Chef Verg\u00e9, estamos prontos para levar nossos sabores inigual\u00e1veis a todo o Brasil.<br \/><br \/>Andrezza, que j\u00e1 fez hist\u00f3ria com a Royal Face, a maior rede de harmoniza\u00e7\u00e3o facial do Brasil, une sua paix\u00e3o e expertise para revolucionar o mercado de alimenta\u00e7\u00e3o, preservando a ess\u00eancia que nos tornou amados, enquanto inova e expande nossa presen\u00e7a nacionalmente.<\/p>\t\t\t\t\t\t\t\t<\/div>\n\t\t\t\t<div class=\"elementor-element elementor-element-55bfc77 elementor-mobile-align-center elementor-widget elementor-widget-button\" data-id=\"55bfc77\" data-element_type=\"widget\" data-widget_type=\"button.default\">\n\t\t\t\t\t\t\t\t\t\t<a class=\"elementor-button elementor-button-link elementor-size-sm elementor-animation-float\" href=\"https:\/\/chefverge.com.br\/novosite\/franquia\/\">\n\t\t\t\t\t\t<span class=\"elementor-button-content-wrapper\">\n\t\t\t\t\t\t\t\t\t<span class=\"elementor-button-text\">SEJA UM FRANQUEADO<\/span>\n\t\t\t\t\t<\/span>\n\t\t\t\t\t<\/a>\n\t\t\t\t\t\t\t\t<\/div>\n\t\t\t\t<\/div>\n\t\t\t\t<\/div>\n\t\t\t\t\t<\/div>\n\t\t\t\t<\/div>\n\t\t<div class=\"elementor-element elementor-element-d048ad9 e-flex e-con-boxed e-con e-parent\" data-id=\"d048ad9\" data-element_type=\"container\" data-settings=\"{&quot;background_background&quot;:&quot;classic&quot;}\">\n\t\t\t\t\t<div class=\"e-con-inner\">\n\t\t<div class=\"elementor-element elementor-element-2433554 e-con-full e-flex e-con e-child\" data-id=\"2433554\" data-element_type=\"container\">\n\t\t<div class=\"elementor-element elementor-element-7aeb9c2 e-con-full e-flex e-con e-child\" data-id=\"7aeb9c2\" data-element_type=\"container\">\n\t\t\t\t<\/div>\n\t\t\t\t<\/div>\n\t\t<div class=\"elementor-element elementor-element-df7cc90 e-con-full e-flex e-con e-child\" data-id=\"df7cc90\" data-element_type=\"container\">\n\t\t<div class=\"elementor-element elementor-element-98dde49 e-con-full e-flex e-con e-child\" data-id=\"98dde49\" data-element_type=\"container\">\n\t\t\t\t<div class=\"elementor-element elementor-element-4a0dc11 elementor-widget elementor-widget-heading\" data-id=\"4a0dc11\" data-element_type=\"widget\" data-widget_type=\"heading.default\">\n\t\t\t\t\t<h2 class=\"elementor-heading-title elementor-size-default\">40 anos de hist\u00f3ria<\/h2>\t\t\t\t<\/div>\n\t\t\t\t<div class=\"elementor-element elementor-element-49b0a8e elementor-widget__width-inherit elementor-widget elementor-widget-text-editor\" data-id=\"49b0a8e\" data-element_type=\"widget\" data-widget_type=\"text-editor.default\">\n\t\t\t\t\t\t\t\t\t<p>Desde 1985, o Chef Verg\u00e9 tem encantado os paladares curitibanos com os melhores croissants que voc\u00ea pode imaginar.<\/p>\t\t\t\t\t\t\t\t<\/div>\n\t\t\t\t<div class=\"elementor-element elementor-element-2c50549 elementor-widget__width-inherit elementor-widget elementor-widget-text-editor\" data-id=\"2c50549\" data-element_type=\"widget\" data-widget_type=\"text-editor.default\">\n\t\t\t\t\t\t\t\t\t<p>Fundada em Curitiba, nossa marca rapidamente se tornou um \u00edcone local, trazendo o sabor aut\u00eantico dos croissants e outras del\u00edcias.<br \/><br \/>Com quase 40 anos de hist\u00f3ria, continuamos a cultivar a mem\u00f3ria afetiva de nossos clientes, oferecendo experi\u00eancias gastron\u00f4micas \u00fanicas que transcendem o tempo.<\/p>\t\t\t\t\t\t\t\t<\/div>\n\t\t\t\t<div class=\"elementor-element elementor-element-030ca3f elementor-mobile-align-center elementor-widget elementor-widget-button\" data-id=\"030ca3f\" data-element_type=\"widget\" data-widget_type=\"button.default\">\n\t\t\t\t\t\t\t\t\t\t<a class=\"elementor-button elementor-button-link elementor-size-sm elementor-animation-float\" href=\"https:\/\/chefverge.com.br\/novosite\/franquia\/\">\n\t\t\t\t\t\t<span class=\"elementor-button-content-wrapper\">\n\t\t\t\t\t\t\t\t\t<span class=\"elementor-button-text\">SEJA UM FRANQUEADO<\/span>\n\t\t\t\t\t<\/span>\n\t\t\t\t\t<\/a>\n\t\t\t\t\t\t\t\t<\/div>\n\t\t\t\t<\/div>\n\t\t\t\t<\/div>\n\t\t\t\t\t<\/div>\n\t\t\t\t<\/div>\n\t\t<div class=\"elementor-element elementor-element-5fc2b42 e-flex e-con-boxed e-con e-parent\" data-id=\"5fc2b42\" data-element_type=\"container\" data-settings=\"{&quot;background_background&quot;:&quot;classic&quot;}\">\n\t\t\t\t\t<div class=\"e-con-inner\">\n\t\t<div class=\"elementor-element elementor-element-0526bd0 e-con-full e-flex e-con e-child\" data-id=\"0526bd0\" data-element_type=\"container\">\n\t\t<div class=\"elementor-element elementor-element-dd57b96 e-con-full e-flex e-con e-child\" data-id=\"dd57b96\" data-element_type=\"container\">\n\t\t\t\t<\/div>\n\t\t\t\t<\/div>\n\t\t<div class=\"elementor-element elementor-element-52e3a8f e-con-full e-flex e-con e-child\" data-id=\"52e3a8f\" data-element_type=\"container\">\n\t\t<div class=\"elementor-element elementor-element-30da907 e-con-full e-flex e-con e-child\" data-id=\"30da907\" data-element_type=\"container\">\n\t\t\t\t<div class=\"elementor-element elementor-element-8f7203a elementor-widget elementor-widget-heading\" data-id=\"8f7203a\" data-element_type=\"widget\" data-widget_type=\"heading.default\">\n\t\t\t\t\t<h2 class=\"elementor-heading-title elementor-size-default\"><span style=\"color: #1D3A7D\">Nosso Card\u00e1pio,<\/span> Nossa Tradi\u00e7\u00e3o<\/h2>\t\t\t\t<\/div>\n\t\t\t\t<div class=\"elementor-element elementor-element-ed9a77f elementor-widget__width-inherit elementor-widget elementor-widget-text-editor\" data-id=\"ed9a77f\" data-element_type=\"widget\" data-widget_type=\"text-editor.default\">\n\t\t\t\t\t\t\t\t\t<p>O Chef Verg\u00e9 \u00e9 sin\u00f4nimo de tradi\u00e7\u00e3o, sabores afetuosos e qualidade. Nosso card\u00e1pio, que inclui o ic\u00f4nico croissant Vive La France e o cremos\u00edssimo suco de morango com leite, \u00e9 cuidadosamente elaborado para oferecer o melhor da gastronomia mundial com um toque abrasileirado.<br \/><br \/>Al\u00e9m disso, novas del\u00edcias, como caf\u00e9s e sobremesas, j\u00e1 se tornaram parte do nosso dia a dia, enriquecendo ainda mais a experi\u00eancia dos nossos clientes, sem deixar de lado o tradicional, garantindo que a ess\u00eancia da marca seja mantida.<\/p>\t\t\t\t\t\t\t\t<\/div>\n\t\t\t\t<\/div>\n\t\t\t\t<\/div>\n\t\t\t\t\t<\/div>\n\t\t\t\t<\/div>\n\t\t<div class=\"elementor-element elementor-element-7517332 e-flex e-con-boxed e-con e-parent\" data-id=\"7517332\" data-element_type=\"container\">\n\t\t\t\t\t<div class=\"e-con-inner\">\n\t\t<div class=\"elementor-element elementor-element-ad91825 e-con-full e-flex e-con e-child\" data-id=\"ad91825\" data-element_type=\"container\">\n\t\t\t\t<div class=\"elementor-element elementor-element-97c2509 elementor-widget elementor-widget-heading\" data-id=\"97c2509\" data-element_type=\"widget\" data-widget_type=\"heading.default\">\n\t\t\t\t\t<h2 class=\"elementor-heading-title elementor-size-default\">Compromisso com a excel\u00eancia<\/h2>\t\t\t\t<\/div>\n\t\t<div class=\"elementor-element elementor-element-471b467 e-con-full e-flex e-con e-child\" data-id=\"471b467\" data-element_type=\"container\">\n\t\t\t\t<div class=\"elementor-element elementor-element-33eff58 elementor-widget__width-inherit elementor-widget elementor-widget-text-editor\" data-id=\"33eff58\" data-element_type=\"widget\" data-widget_type=\"text-editor.default\">\n\t\t\t\t\t\t\t\t\t<p class=\"qs_compromisso_p is-small\">No Chef Verg\u00e9, a qualidade est\u00e1 em primeiro lugar. Nossa equipe se dedica a garantir que cada produto mantenha o padr\u00e3o excepcional que nossos clientes esperam. Com nossa f\u00e1brica pr\u00f3pria e log\u00edstica eficiente, asseguramos a frescura e o sabor em cada mordida.<\/p>\t\t\t\t\t\t\t\t<\/div>\n\t\t\t\t<div class=\"elementor-element elementor-element-53fbd4d elementor-widget__width-inherit elementor-widget elementor-widget-text-editor\" data-id=\"53fbd4d\" data-element_type=\"widget\" data-widget_type=\"text-editor.default\">\n\t\t\t\t\t\t\t\t\t<p class=\"qs_compromisso_p is-small\">Visite-nos e deixe-se encantar pelos sabores que conquistaram gera\u00e7\u00f5es.<\/p>\t\t\t\t\t\t\t\t<\/div>\n\t\t\t\t<\/div>\n\t\t\t\t<\/div>\n\t\t\t\t\t<\/div>\n\t\t\t\t<\/div>\n\t\t<div class=\"elementor-element elementor-element-1bf73e7 e-con-full e-flex e-con e-parent\" data-id=\"1bf73e7\" data-element_type=\"container\">\n\t\t\t\t<div class=\"elementor-element elementor-element-15f8d98 elementor-widget elementor-widget-image-carousel\" data-id=\"15f8d98\" data-element_type=\"widget\" data-settings=\"{&quot;slides_to_show&quot;:&quot;5&quot;,&quot;navigation&quot;:&quot;none&quot;,&quot;autoplay_speed&quot;:0,&quot;speed&quot;:8000,&quot;autoplay&quot;:&quot;yes&quot;,&quot;pause_on_hover&quot;:&quot;yes&quot;,&quot;pause_on_interaction&quot;:&quot;yes&quot;,&quot;infinite&quot;:&quot;yes&quot;}\" data-widget_type=\"image-carousel.default\">\n\t\t\t\t\t\t\t<div class=\"elementor-image-carousel-wrapper swiper\" role=\"region\" aria-roledescription=\"carousel\" aria-label=\"Carrossel de imagens\" dir=\"ltr\">\n\t\t\t<div class=\"elementor-image-carousel swiper-wrapper swiper-image-stretch\" aria-live=\"off\">\n\t\t\t\t\t\t\t\t<div class=\"swiper-slide\" role=\"group\" aria-roledescription=\"slide\" aria-label=\"1 de 6\"><figure class=\"swiper-slide-inner\"><img decoding=\"async\" class=\"swiper-slide-image\" src=\"https:\/\/chefverge.com.br\/novosite\/wp-content\/uploads\/2026\/03\/66cfa0b12c514362255d8db0_cv-qs-croissant5.avif\" alt=\"66cfa0b12c514362255d8db0_cv-qs croissant5\" \/><\/figure><\/div><div class=\"swiper-slide\" role=\"group\" aria-roledescription=\"slide\" aria-label=\"2 de 6\"><figure class=\"swiper-slide-inner\"><img decoding=\"async\" class=\"swiper-slide-image\" src=\"https:\/\/chefverge.com.br\/novosite\/wp-content\/uploads\/2026\/03\/66cfa0b12eb538c0bde94246_cv-qs-croissant6.avif\" alt=\"66cfa0b12eb538c0bde94246_cv-qs croissant6\" \/><\/figure><\/div><div class=\"swiper-slide\" role=\"group\" aria-roledescription=\"slide\" aria-label=\"3 de 6\"><figure class=\"swiper-slide-inner\"><img decoding=\"async\" class=\"swiper-slide-image\" src=\"https:\/\/chefverge.com.br\/novosite\/wp-content\/uploads\/2026\/03\/66cfa0b10c337de9e5a43035_cv-qs-croissant7.avif\" alt=\"66cfa0b10c337de9e5a43035_cv-qs croissant7\" \/><\/figure><\/div><div class=\"swiper-slide\" role=\"group\" aria-roledescription=\"slide\" aria-label=\"4 de 6\"><figure class=\"swiper-slide-inner\"><img decoding=\"async\" class=\"swiper-slide-image\" src=\"https:\/\/chefverge.com.br\/novosite\/wp-content\/uploads\/2026\/03\/66cfa0b11f20b759bf9a612e_cv-qs-croissant2.avif\" alt=\"66cfa0b11f20b759bf9a612e_cv-qs croissant2\" \/><\/figure><\/div><div class=\"swiper-slide\" role=\"group\" aria-roledescription=\"slide\" aria-label=\"5 de 6\"><figure class=\"swiper-slide-inner\"><img decoding=\"async\" class=\"swiper-slide-image\" src=\"https:\/\/chefverge.com.br\/novosite\/wp-content\/uploads\/2026\/03\/66cfa0b1e0f8f04d004030d1_cv-qs-croissant3.avif\" alt=\"66cfa0b1e0f8f04d004030d1_cv-qs croissant3\" \/><\/figure><\/div><div class=\"swiper-slide\" role=\"group\" aria-roledescription=\"slide\" aria-label=\"6 de 6\"><figure class=\"swiper-slide-inner\"><img decoding=\"async\" class=\"swiper-slide-image\" src=\"https:\/\/chefverge.com.br\/novosite\/wp-content\/uploads\/2026\/03\/66cfa0b10c337de9e5a4303d_cv-qs-croissant4.avif\" alt=\"66cfa0b10c337de9e5a4303d_cv-qs croissant4\" \/><\/figure><\/div>\t\t\t<\/div>\n\t\t\t\t\t\t\t\n\t\t\t\t\t\t\t\t\t<\/div>\n\t\t\t\t\t\t<\/div>\n\t\t\t\t<\/div>\n\t\t\t\t<\/div>\n\t\t","protected":false},"excerpt":{"rendered":"<p>Desde 1985 no cora\u00e7\u00e3o dos curitibanos O Chef Verg\u00e9 original est\u00e1 de volta! Seja um Franqueado! veja os detalhes Andrezza Fusaro NOVA GEST\u00c3O Hoje, sob a lideran\u00e7a vision\u00e1ria de Andrezza Fusaro, uma empreendedora apaixonada pela arte culin\u00e1ria e pelo potencial transformador do Chef Verg\u00e9, estamos prontos para levar nossos sabores inigual\u00e1veis a todo o Brasil. [&hellip;]<\/p>\n","protected":false},"author":5,"featured_media":0,"parent":0,"menu_order":0,"comment_status":"closed","ping_status":"closed","template":"","meta":{"footnotes":""},"class_list":["post-283","page","type-page","status-publish","hentry"],"_links":{"self":[{"href":"https:\/\/chefverge.com.br\/novosite\/wp-json\/wp\/v2\/pages\/283","targetHints":{"allow":["GET"]}}],"collection":[{"href":"https:\/\/chefverge.com.br\/novosite\/wp-json\/wp\/v2\/pages"}],"about":[{"href":"https:\/\/chefverge.com.br\/novosite\/wp-json\/wp\/v2\/types\/page"}],"author":[{"embeddable":true,"href":"https:\/\/chefverge.com.br\/novosite\/wp-json\/wp\/v2\/users\/5"}],"replies":[{"embeddable":true,"href":"https:\/\/chefverge.com.br\/novosite\/wp-json\/wp\/v2\/comments?post=283"}],"version-history":[{"count":76,"href":"https:\/\/chefverge.com.br\/novosite\/wp-json\/wp\/v2\/pages\/283\/revisions"}],"predecessor-version":[{"id":1804,"href":"https:\/\/chefverge.com.br\/novosite\/wp-json\/wp\/v2\/pages\/283\/revisions\/1804"}],"wp:attachment":[{"href":"https:\/\/chefverge.com.br\/novosite\/wp-json\/wp\/v2\/media?parent=283"}],"curies":[{"name":"wp","href":"https:\/\/api.w.org\/{rel}","templated":true}]}}