{"id":287,"date":"2026-03-04T17:50:36","date_gmt":"2026-03-04T17:50:36","guid":{"rendered":"https:\/\/chefverge.com.br\/novosite\/?page_id=287"},"modified":"2026-04-16T18:44:27","modified_gmt":"2026-04-16T18:44:27","slug":"unidades","status":"publish","type":"page","link":"https:\/\/chefverge.com.br\/novosite\/unidades\/","title":{"rendered":"Unidades"},"content":{"rendered":"\t\t<div data-elementor-type=\"wp-page\" data-elementor-id=\"287\" class=\"elementor elementor-287\" data-elementor-post-type=\"page\">\n\t\t\t\t<div class=\"elementor-element elementor-element-bc040a5 e-flex e-con-boxed e-con e-parent\" data-id=\"bc040a5\" data-element_type=\"container\" data-settings=\"{&quot;background_background&quot;:&quot;classic&quot;}\">\n\t\t\t\t\t<div class=\"e-con-inner\">\n\t\t<div class=\"elementor-element elementor-element-a443128 e-con-full e-flex e-con e-child\" data-id=\"a443128\" data-element_type=\"container\">\n\t\t<div class=\"elementor-element elementor-element-6f49690 e-con-full e-flex e-con e-child\" data-id=\"6f49690\" data-element_type=\"container\">\n\t\t\t\t<\/div>\n\t\t\t\t<\/div>\n\t\t<div class=\"elementor-element elementor-element-c717fc0 e-con-full e-flex e-con e-child\" data-id=\"c717fc0\" data-element_type=\"container\">\n\t\t<div class=\"elementor-element elementor-element-808d089 e-con-full e-flex e-con e-child\" data-id=\"808d089\" data-element_type=\"container\">\n\t\t\t\t<div class=\"elementor-element elementor-element-69cb949 elementor-widget elementor-widget-heading\" data-id=\"69cb949\" data-element_type=\"widget\" data-widget_type=\"heading.default\">\n\t\t\t\t\t<h2 class=\"elementor-heading-title elementor-size-default\">Nossas Unidades<\/h2>\t\t\t\t<\/div>\n\t\t\t\t<\/div>\n\t\t\t\t<\/div>\n\t\t<a class=\"elementor-element elementor-element-b8e5492 e-con-full e-flex e-con e-child\" data-id=\"b8e5492\" data-element_type=\"container\" data-settings=\"{&quot;position&quot;:&quot;fixed&quot;}\" href=\"https:\/\/chefverge.com.br\/novosite#form\">\n\t\t<div class=\"elementor-element elementor-element-83f30ef e-con-full e-flex e-con e-child\" data-id=\"83f30ef\" data-element_type=\"container\" data-settings=\"{&quot;background_background&quot;:&quot;classic&quot;}\">\n\t\t\t\t<div class=\"elementor-element elementor-element-56e7e51 img-vermelha elementor-widget elementor-widget-image\" data-id=\"56e7e51\" data-element_type=\"widget\" data-widget_type=\"image.default\">\n\t\t\t\t\t\t\t\t\t\t\t\t\t\t\t<img decoding=\"async\" width=\"1\" height=\"1\" src=\"https:\/\/chefverge.com.br\/novosite\/wp-content\/uploads\/2026\/03\/logo.svg\" class=\"attachment-large size-large wp-image-323\" alt=\"\" \/>\t\t\t\t\t\t\t\t\t\t\t\t\t\t\t<\/div>\n\t\t<div class=\"elementor-element elementor-element-5102530 e-con-full e-flex e-con e-child\" data-id=\"5102530\" data-element_type=\"container\">\n\t\t\t\t<div class=\"elementor-element elementor-element-b2f4cb6 elementor-widget elementor-widget-heading\" data-id=\"b2f4cb6\" data-element_type=\"widget\" data-widget_type=\"heading.default\">\n\t\t\t\t\t<h2 class=\"elementor-heading-title elementor-size-default\">Seja um Franqueado!<\/h2>\t\t\t\t<\/div>\n\t\t\t\t<div class=\"elementor-element elementor-element-8b680e3 elementor-widget elementor-widget-heading\" data-id=\"8b680e3\" data-element_type=\"widget\" data-widget_type=\"heading.default\">\n\t\t\t\t\t<h2 class=\"elementor-heading-title elementor-size-default\">veja os detalhes<\/h2>\t\t\t\t<\/div>\n\t\t\t\t<\/div>\n\t\t\t\t<\/div>\n\t\t\t\t<\/a>\n\t\t\t\t\t<\/div>\n\t\t\t\t<\/div>\n\t\t<div class=\"elementor-element elementor-element-9cddcff e-flex e-con-boxed e-con e-parent\" data-id=\"9cddcff\" data-element_type=\"container\" data-settings=\"{&quot;background_background&quot;:&quot;classic&quot;}\">\n\t\t\t\t\t<div class=\"e-con-inner\">\n\t\t<div class=\"elementor-element elementor-element-6957734 e-con-full e-flex e-con e-child\" data-id=\"6957734\" data-element_type=\"container\">\n\t\t<div class=\"elementor-element elementor-element-601db4d e-con-full e-flex e-con e-child\" data-id=\"601db4d\" data-element_type=\"container\">\n\t\t<div class=\"elementor-element elementor-element-8b18180 e-grid e-con-full e-con e-child\" data-id=\"8b18180\" data-element_type=\"container\">\n\t\t<div class=\"elementor-element elementor-element-a87c5d1 e-con-full e-flex e-con e-child\" data-id=\"a87c5d1\" data-element_type=\"container\" data-settings=\"{&quot;background_background&quot;:&quot;classic&quot;}\">\n\t\t\t\t<div class=\"elementor-element elementor-element-019a21d elementor-widget elementor-widget-image\" data-id=\"019a21d\" data-element_type=\"widget\" data-widget_type=\"image.default\">\n\t\t\t\t\t\t\t\t\t\t\t\t\t\t\t<img fetchpriority=\"high\" decoding=\"async\" width=\"550\" height=\"352\" src=\"https:\/\/chefverge.com.br\/novosite\/wp-content\/uploads\/2026\/04\/1_barigui.jpg\" class=\"attachment-large size-large wp-image-1639\" alt=\"\" srcset=\"https:\/\/chefverge.com.br\/novosite\/wp-content\/uploads\/2026\/04\/1_barigui.jpg 550w, https:\/\/chefverge.com.br\/novosite\/wp-content\/uploads\/2026\/04\/1_barigui-300x192.jpg 300w\" sizes=\"(max-width: 550px) 100vw, 550px\" \/>\t\t\t\t\t\t\t\t\t\t\t\t\t\t\t<\/div>\n\t\t<div class=\"elementor-element elementor-element-62f75e0 e-con-full e-flex e-con e-child\" data-id=\"62f75e0\" data-element_type=\"container\">\n\t\t\t\t<div class=\"elementor-element elementor-element-706a0e6 elementor-widget elementor-widget-heading\" data-id=\"706a0e6\" data-element_type=\"widget\" data-widget_type=\"heading.default\">\n\t\t\t\t\t<h2 class=\"elementor-heading-title elementor-size-default\">Chef Verg\u00e9<\/h2>\t\t\t\t<\/div>\n\t\t\t\t<div class=\"elementor-element elementor-element-4a328d8 elementor-widget elementor-widget-heading\" data-id=\"4a328d8\" data-element_type=\"widget\" data-widget_type=\"heading.default\">\n\t\t\t\t\t<h2 class=\"elementor-heading-title elementor-size-default\">Park Shopping Barig\u00fci<\/h2>\t\t\t\t<\/div>\n\t\t\t\t<div class=\"elementor-element elementor-element-9754506 elementor-widget elementor-widget-text-editor\" data-id=\"9754506\" data-element_type=\"widget\" data-widget_type=\"text-editor.default\">\n\t\t\t\t\t\t\t\t\t<p>R. Prof. Pedro Viriato Parigot de Souza, 600 &#8211; Loja 2010 &#8211; Mossungu\u00ea, Curitiba &#8211; PR<\/p>\t\t\t\t\t\t\t\t<\/div>\n\t\t\t\t<div class=\"elementor-element elementor-element-6056c33 elementor-widget elementor-widget-heading\" data-id=\"6056c33\" data-element_type=\"widget\" data-widget_type=\"heading.default\">\n\t\t\t\t\t<span class=\"elementor-heading-title elementor-size-default\">Hor\u00e1rio de funcionamento:<\/span>\t\t\t\t<\/div>\n\t\t\t\t<div class=\"elementor-element elementor-element-eaa7c1d elementor-widget elementor-widget-text-editor\" data-id=\"eaa7c1d\" data-element_type=\"widget\" data-widget_type=\"text-editor.default\">\n\t\t\t\t\t\t\t\t\t<div class=\"text-block-3\"><strong>Seg \u00e0 Sab<\/strong>\u00a0| 10:00 &#8211; 22:00<\/div><div class=\"text-block-3\"><strong>Domingo <\/strong>| 12:00 &#8211; 20:00<\/div>\t\t\t\t\t\t\t\t<\/div>\n\t\t\t\t<div class=\"elementor-element elementor-element-a549483 elementor-mobile-align-center elementor-align-center elementor-widget elementor-widget-button\" data-id=\"a549483\" data-element_type=\"widget\" data-widget_type=\"button.default\">\n\t\t\t\t\t\t\t\t\t\t<a class=\"elementor-button elementor-button-link elementor-size-sm elementor-animation-float\" href=\"https:\/\/www.google.com\/maps\/place\/Chef+Verg%C3%A9+ParkShoppingBarig%C3%BCi\/@-25.4359694,-49.3179574,15z\/data=!4m6!3m5!1s0x94dce3d1d08030a3:0x7eddba2acce3f1e7!8m2!3d-25.4359694!4d-49.3179574!16s%2Fg%2F1pv266ccl?entry=ttu&#038;g_ep=EgoyMDI2MDMwOC4wIKXMDSoASAFQAw%3D%3D\">\n\t\t\t\t\t\t<span class=\"elementor-button-content-wrapper\">\n\t\t\t\t\t\t\t\t\t<span class=\"elementor-button-text\">SAIBA MAIS<\/span>\n\t\t\t\t\t<\/span>\n\t\t\t\t\t<\/a>\n\t\t\t\t\t\t\t\t<\/div>\n\t\t\t\t<\/div>\n\t\t\t\t<\/div>\n\t\t<div class=\"elementor-element elementor-element-cf7e41a e-con-full e-flex e-con e-child\" data-id=\"cf7e41a\" data-element_type=\"container\" data-settings=\"{&quot;background_background&quot;:&quot;classic&quot;}\">\n\t\t\t\t<div class=\"elementor-element elementor-element-0783d8f elementor-widget elementor-widget-image\" data-id=\"0783d8f\" data-element_type=\"widget\" data-widget_type=\"image.default\">\n\t\t\t\t\t\t\t\t\t\t\t\t\t\t\t<img decoding=\"async\" width=\"800\" height=\"534\" src=\"https:\/\/chefverge.com.br\/novosite\/wp-content\/uploads\/2026\/04\/patio-batel-1024x683.jpg\" class=\"attachment-large size-large wp-image-1638\" alt=\"\" srcset=\"https:\/\/chefverge.com.br\/novosite\/wp-content\/uploads\/2026\/04\/patio-batel-1024x683.jpg 1024w, https:\/\/chefverge.com.br\/novosite\/wp-content\/uploads\/2026\/04\/patio-batel-300x200.jpg 300w, https:\/\/chefverge.com.br\/novosite\/wp-content\/uploads\/2026\/04\/patio-batel-768x512.jpg 768w, https:\/\/chefverge.com.br\/novosite\/wp-content\/uploads\/2026\/04\/patio-batel.jpg 1200w\" sizes=\"(max-width: 800px) 100vw, 800px\" \/>\t\t\t\t\t\t\t\t\t\t\t\t\t\t\t<\/div>\n\t\t<div class=\"elementor-element elementor-element-7d1f3f9 e-con-full e-flex e-con e-child\" data-id=\"7d1f3f9\" data-element_type=\"container\">\n\t\t\t\t<div class=\"elementor-element elementor-element-c16cbd6 elementor-widget elementor-widget-heading\" data-id=\"c16cbd6\" data-element_type=\"widget\" data-widget_type=\"heading.default\">\n\t\t\t\t\t<h2 class=\"elementor-heading-title elementor-size-default\">Chef Verg\u00e9<\/h2>\t\t\t\t<\/div>\n\t\t\t\t<div class=\"elementor-element elementor-element-01ae6b7 elementor-widget elementor-widget-heading\" data-id=\"01ae6b7\" data-element_type=\"widget\" data-widget_type=\"heading.default\">\n\t\t\t\t\t<h2 class=\"elementor-heading-title elementor-size-default\">Shopping Patio Batel<\/h2>\t\t\t\t<\/div>\n\t\t\t\t<div class=\"elementor-element elementor-element-e9b5929 elementor-widget elementor-widget-text-editor\" data-id=\"e9b5929\" data-element_type=\"widget\" data-widget_type=\"text-editor.default\">\n\t\t\t\t\t\t\t\t\t<p>Av. do Batel, 1868 &#8211; LUC 407 &#8211; Batel, Curitiba &#8211; PR<\/p><p>\u00a0<\/p>\t\t\t\t\t\t\t\t<\/div>\n\t\t\t\t<div class=\"elementor-element elementor-element-0b082ba elementor-widget elementor-widget-heading\" data-id=\"0b082ba\" data-element_type=\"widget\" data-widget_type=\"heading.default\">\n\t\t\t\t\t<span class=\"elementor-heading-title elementor-size-default\">Hor\u00e1rio de funcionamento:<\/span>\t\t\t\t<\/div>\n\t\t\t\t<div class=\"elementor-element elementor-element-1fa68e0 elementor-widget elementor-widget-text-editor\" data-id=\"1fa68e0\" data-element_type=\"widget\" data-widget_type=\"text-editor.default\">\n\t\t\t\t\t\t\t\t\t<div class=\"text-block-3\"><div class=\"text-block-3\"><strong>Todos os dias<\/strong>\u00a0| 11:00 &#8211; 22:00<\/div><div class=\"text-block-3\"><strong>&#8211;<\/strong><\/div><\/div>\t\t\t\t\t\t\t\t<\/div>\n\t\t\t\t<div class=\"elementor-element elementor-element-9158cb0 elementor-mobile-align-center elementor-align-center elementor-widget elementor-widget-button\" data-id=\"9158cb0\" data-element_type=\"widget\" data-widget_type=\"button.default\">\n\t\t\t\t\t\t\t\t\t\t<a class=\"elementor-button elementor-button-link elementor-size-sm elementor-animation-float\" href=\"https:\/\/www.google.com\/maps\/place\/Chef+Verg%C3%A9+P%C3%A1tio+Batel\/@-25.4426976,-49.2909846,17z\/data=!3m1!4b1!4m6!3m5!1s0x94dce3a5c6d30fbf:0x9f3eb7868b02bdf8!8m2!3d-25.4426976!4d-49.2909846!16s%2Fg%2F11wngh5gs1?entry=ttu&#038;g_ep=EgoyMDI2MDMwOC4wIKXMDSoASAFQAw%3D%3D\">\n\t\t\t\t\t\t<span class=\"elementor-button-content-wrapper\">\n\t\t\t\t\t\t\t\t\t<span class=\"elementor-button-text\">SAIBA MAIS<\/span>\n\t\t\t\t\t<\/span>\n\t\t\t\t\t<\/a>\n\t\t\t\t\t\t\t\t<\/div>\n\t\t\t\t<\/div>\n\t\t\t\t<\/div>\n\t\t<div class=\"elementor-element elementor-element-a1e71c5 e-con-full e-flex e-con e-child\" data-id=\"a1e71c5\" data-element_type=\"container\" data-settings=\"{&quot;background_background&quot;:&quot;classic&quot;}\">\n\t\t\t\t<div class=\"elementor-element elementor-element-ddcc7c4 elementor-widget elementor-widget-image\" data-id=\"ddcc7c4\" data-element_type=\"widget\" data-widget_type=\"image.default\">\n\t\t\t\t\t\t\t\t\t\t\t\t\t\t\t<img loading=\"lazy\" decoding=\"async\" width=\"700\" height=\"518\" src=\"https:\/\/chefverge.com.br\/novosite\/wp-content\/uploads\/2026\/04\/Shopping_Estacao.jpg\" class=\"attachment-large size-large wp-image-1641\" alt=\"\" srcset=\"https:\/\/chefverge.com.br\/novosite\/wp-content\/uploads\/2026\/04\/Shopping_Estacao.jpg 700w, https:\/\/chefverge.com.br\/novosite\/wp-content\/uploads\/2026\/04\/Shopping_Estacao-300x222.jpg 300w\" sizes=\"(max-width: 700px) 100vw, 700px\" \/>\t\t\t\t\t\t\t\t\t\t\t\t\t\t\t<\/div>\n\t\t<div class=\"elementor-element elementor-element-cfc5fd5 e-con-full e-flex e-con e-child\" data-id=\"cfc5fd5\" data-element_type=\"container\">\n\t\t\t\t<div class=\"elementor-element elementor-element-9ec6376 elementor-widget elementor-widget-heading\" data-id=\"9ec6376\" data-element_type=\"widget\" data-widget_type=\"heading.default\">\n\t\t\t\t\t<h2 class=\"elementor-heading-title elementor-size-default\">Chef Verg\u00e9<\/h2>\t\t\t\t<\/div>\n\t\t\t\t<div class=\"elementor-element elementor-element-7c28eea elementor-widget elementor-widget-heading\" data-id=\"7c28eea\" data-element_type=\"widget\" data-widget_type=\"heading.default\">\n\t\t\t\t\t<h2 class=\"elementor-heading-title elementor-size-default\">Shopping Esta\u00e7\u00e3o<\/h2>\t\t\t\t<\/div>\n\t\t\t\t<div class=\"elementor-element elementor-element-94b686b elementor-widget elementor-widget-text-editor\" data-id=\"94b686b\" data-element_type=\"widget\" data-widget_type=\"text-editor.default\">\n\t\t\t\t\t\t\t\t\t<p>Av. Sete de Setembro, 2775 \u2013 Rebou\u00e7as, Curitiba \u2013 PR<\/p><p>\u00a0<\/p>\t\t\t\t\t\t\t\t<\/div>\n\t\t\t\t<div class=\"elementor-element elementor-element-5d9f4cb elementor-widget elementor-widget-heading\" data-id=\"5d9f4cb\" data-element_type=\"widget\" data-widget_type=\"heading.default\">\n\t\t\t\t\t<span class=\"elementor-heading-title elementor-size-default\">Hor\u00e1rio de funcionamento:<\/span>\t\t\t\t<\/div>\n\t\t\t\t<div class=\"elementor-element elementor-element-0da6e57 elementor-widget elementor-widget-text-editor\" data-id=\"0da6e57\" data-element_type=\"widget\" data-widget_type=\"text-editor.default\">\n\t\t\t\t\t\t\t\t\t<div class=\"text-block-3\"><div class=\"text-block-3\"><div class=\"text-block-3\"><strong>Seg \u00e0 Sab<\/strong> | 10:00 &#8211; 23:00<\/div><div class=\"text-block-3\"><strong>Domingo<\/strong> | 11:00 &#8211; 22:00<\/div><\/div><\/div>\t\t\t\t\t\t\t\t<\/div>\n\t\t\t\t<div class=\"elementor-element elementor-element-9e5799d elementor-mobile-align-center elementor-align-center elementor-widget elementor-widget-button\" data-id=\"9e5799d\" data-element_type=\"widget\" data-widget_type=\"button.default\">\n\t\t\t\t\t\t\t\t\t\t<a class=\"elementor-button elementor-button-link elementor-size-sm elementor-animation-float\" href=\"https:\/\/www.google.com\/search?sca_esv=ff452058d59b7f49&#038;hl=pt-BR&#038;authuser=0&#038;kgmid=\/g\/11yg09cpdk&#038;q=Chef+Verg%C3%A9+Shopping+Esta%C3%A7%C3%A3o&#038;shndl=30&#038;shem=lcuae,uaasie&#038;source=sh\/x\/loc\/uni\/m1\/1&#038;kgs=bd720faffde125af\">\n\t\t\t\t\t\t<span class=\"elementor-button-content-wrapper\">\n\t\t\t\t\t\t\t\t\t<span class=\"elementor-button-text\">SAIBA MAIS<\/span>\n\t\t\t\t\t<\/span>\n\t\t\t\t\t<\/a>\n\t\t\t\t\t\t\t\t<\/div>\n\t\t\t\t<\/div>\n\t\t\t\t<\/div>\n\t\t<div class=\"elementor-element elementor-element-a93ed1f e-con-full e-flex e-con e-child\" data-id=\"a93ed1f\" data-element_type=\"container\" data-settings=\"{&quot;background_background&quot;:&quot;classic&quot;}\">\n\t\t\t\t<div class=\"elementor-element elementor-element-bdc9fce elementor-widget elementor-widget-image\" data-id=\"bdc9fce\" data-element_type=\"widget\" data-widget_type=\"image.default\">\n\t\t\t\t\t\t\t\t\t\t\t\t\t\t\t<img loading=\"lazy\" decoding=\"async\" width=\"768\" height=\"512\" src=\"https:\/\/chefverge.com.br\/novosite\/wp-content\/uploads\/2026\/04\/shopping-curitiba-1-1024x683-1-768x512.webp\" class=\"attachment-medium_large size-medium_large wp-image-1642\" alt=\"\" srcset=\"https:\/\/chefverge.com.br\/novosite\/wp-content\/uploads\/2026\/04\/shopping-curitiba-1-1024x683-1-768x512.webp 768w, https:\/\/chefverge.com.br\/novosite\/wp-content\/uploads\/2026\/04\/shopping-curitiba-1-1024x683-1-300x200.webp 300w, https:\/\/chefverge.com.br\/novosite\/wp-content\/uploads\/2026\/04\/shopping-curitiba-1-1024x683-1.webp 1024w\" sizes=\"(max-width: 768px) 100vw, 768px\" \/>\t\t\t\t\t\t\t\t\t\t\t\t\t\t\t<\/div>\n\t\t<div class=\"elementor-element elementor-element-25949e2 e-con-full e-flex e-con e-child\" data-id=\"25949e2\" data-element_type=\"container\">\n\t\t\t\t<div class=\"elementor-element elementor-element-6abdfba elementor-widget elementor-widget-heading\" data-id=\"6abdfba\" data-element_type=\"widget\" data-widget_type=\"heading.default\">\n\t\t\t\t\t<h2 class=\"elementor-heading-title elementor-size-default\">Chef Verg\u00e9<\/h2>\t\t\t\t<\/div>\n\t\t\t\t<div class=\"elementor-element elementor-element-ac8d160 elementor-widget elementor-widget-heading\" data-id=\"ac8d160\" data-element_type=\"widget\" data-widget_type=\"heading.default\">\n\t\t\t\t\t<h2 class=\"elementor-heading-title elementor-size-default\">Shopping Curitiba<\/h2>\t\t\t\t<\/div>\n\t\t\t\t<div class=\"elementor-element elementor-element-1230b09 elementor-widget elementor-widget-text-editor\" data-id=\"1230b09\" data-element_type=\"widget\" data-widget_type=\"text-editor.default\">\n\t\t\t\t\t\t\t\t\t<p>R. Brigadeiro Franco, 2300 \u2013 Centro, Curitiba \u2013 PR<br \/>\u200d<\/p>\t\t\t\t\t\t\t\t<\/div>\n\t\t\t\t<div class=\"elementor-element elementor-element-d8759b5 elementor-widget elementor-widget-heading\" data-id=\"d8759b5\" data-element_type=\"widget\" data-widget_type=\"heading.default\">\n\t\t\t\t\t<span class=\"elementor-heading-title elementor-size-default\">Hor\u00e1rio de funcionamento:<\/span>\t\t\t\t<\/div>\n\t\t\t\t<div class=\"elementor-element elementor-element-97cd919 elementor-widget elementor-widget-text-editor\" data-id=\"97cd919\" data-element_type=\"widget\" data-widget_type=\"text-editor.default\">\n\t\t\t\t\t\t\t\t\t<div class=\"text-block-3\"><div class=\"text-block-3\"><strong>Seg \u00e0 Sab<\/strong> | 10:00 \u2013 22:00<\/div><div class=\"text-block-3\"><strong>Domingo<\/strong> | 11:00 &#8211; 22:00<\/div><\/div>\t\t\t\t\t\t\t\t<\/div>\n\t\t\t\t<div class=\"elementor-element elementor-element-b63cca5 elementor-mobile-align-center elementor-align-center elementor-widget elementor-widget-button\" data-id=\"b63cca5\" data-element_type=\"widget\" data-widget_type=\"button.default\">\n\t\t\t\t\t\t\t\t\t\t<a class=\"elementor-button elementor-button-link elementor-size-sm elementor-animation-float\" href=\"https:\/\/www.google.com\/maps\/place\/Chef+Verg%C3%A9+Shopping+Curitiba\/@-25.4413507,-49.3049054,13z\/data=!3m1!5s0x94dce470eed17f75:0x1e314697aa3c70c7!4m6!3m5!1s0x94dce3f53301c779:0x7f3ef900970174ea!8m2!3d-25.4411145!4d-49.2777563!16s%2Fg%2F1tmy65yc?entry=ttu&#038;g_ep=EgoyMDI2MDMwOC4wIKXMDSoASAFQAw%3D%3D\">\n\t\t\t\t\t\t<span class=\"elementor-button-content-wrapper\">\n\t\t\t\t\t\t\t\t\t<span class=\"elementor-button-text\">SAIBA MAIS<\/span>\n\t\t\t\t\t<\/span>\n\t\t\t\t\t<\/a>\n\t\t\t\t\t\t\t\t<\/div>\n\t\t\t\t<\/div>\n\t\t\t\t<\/div>\n\t\t\t\t<\/div>\n\t\t\t\t<\/div>\n\t\t\t\t<\/div>\n\t\t\t\t\t<\/div>\n\t\t\t\t<\/div>\n\t\t\t\t<\/div>\n\t\t","protected":false},"excerpt":{"rendered":"<p>Nossas Unidades Seja um Franqueado! veja os detalhes Chef Verg\u00e9 Park Shopping Barig\u00fci R. Prof. Pedro Viriato Parigot de Souza, 600 &#8211; Loja 2010 &#8211; Mossungu\u00ea, Curitiba &#8211; PR Hor\u00e1rio de funcionamento: Seg \u00e0 Sab\u00a0| 10:00 &#8211; 22:00Domingo | 12:00 &#8211; 20:00 SAIBA MAIS Chef Verg\u00e9 Shopping Patio Batel Av. do Batel, 1868 &#8211; LUC [&hellip;]<\/p>\n","protected":false},"author":5,"featured_media":0,"parent":0,"menu_order":0,"comment_status":"closed","ping_status":"closed","template":"","meta":{"footnotes":""},"class_list":["post-287","page","type-page","status-publish","hentry"],"_links":{"self":[{"href":"https:\/\/chefverge.com.br\/novosite\/wp-json\/wp\/v2\/pages\/287","targetHints":{"allow":["GET"]}}],"collection":[{"href":"https:\/\/chefverge.com.br\/novosite\/wp-json\/wp\/v2\/pages"}],"about":[{"href":"https:\/\/chefverge.com.br\/novosite\/wp-json\/wp\/v2\/types\/page"}],"author":[{"embeddable":true,"href":"https:\/\/chefverge.com.br\/novosite\/wp-json\/wp\/v2\/users\/5"}],"replies":[{"embeddable":true,"href":"https:\/\/chefverge.com.br\/novosite\/wp-json\/wp\/v2\/comments?post=287"}],"version-history":[{"count":31,"href":"https:\/\/chefverge.com.br\/novosite\/wp-json\/wp\/v2\/pages\/287\/revisions"}],"predecessor-version":[{"id":1760,"href":"https:\/\/chefverge.com.br\/novosite\/wp-json\/wp\/v2\/pages\/287\/revisions\/1760"}],"wp:attachment":[{"href":"https:\/\/chefverge.com.br\/novosite\/wp-json\/wp\/v2\/media?parent=287"}],"curies":[{"name":"wp","href":"https:\/\/api.w.org\/{rel}","templated":true}]}}